{"id":318,"date":"2022-07-22T21:21:48","date_gmt":"2022-07-23T00:21:48","guid":{"rendered":"http:\/\/estudiofmg.com\/?page_id=318"},"modified":"2022-07-26T16:31:41","modified_gmt":"2022-07-26T19:31:41","slug":"servicios","status":"publish","type":"page","link":"https:\/\/estudiofmg.com\/?page_id=318","title":{"rendered":"Servicios"},"content":{"rendered":"<p>[et_pb_section fb_built=&#8221;1&#8243; theme_builder_area=&#8221;post_content&#8221; _builder_version=&#8221;4.17.4&#8243; _module_preset=&#8221;default&#8221;][et_pb_row _builder_version=&#8221;4.17.4&#8243; _module_preset=&#8221;default&#8221; theme_builder_area=&#8221;post_content&#8221;][et_pb_column _builder_version=&#8221;4.17.4&#8243; _module_preset=&#8221;default&#8221; type=&#8221;4_4&#8243; theme_builder_area=&#8221;post_content&#8221;][et_pb_text _builder_version=&#8221;4.17.4&#8243; _module_preset=&#8221;default&#8221; theme_builder_area=&#8221;post_content&#8221; hover_enabled=&#8221;0&#8243; sticky_enabled=&#8221;0&#8243; text_text_color=&#8221;#000000&#8243; text_font_size=&#8221;16px&#8221; text_line_height=&#8221;1.9em&#8221;]<\/p>\n<p><strong>Los siguientes servicios pueden ser requeridos de manera independiente dependiendo la necesidad del cliente.<\/strong><\/p>\n<p>01- Coolhunting en Europa o EEUU.<br \/>02- Acompa\u00f1amiento en el desarrollo de hormas en Argentina o Brasil.<br \/>03- Dise\u00f1o de suelas para: Caucho, Eva, Tr, Pu, etc.<br \/>04- Acompa\u00f1amiento en el desarrollo de maquetas y matrices de suelas y plantillas.<br \/>05- Dise\u00f1o de zapatos, zapatillas y sandalias.<br \/>06- Modelaje.<br \/>07- Propuesta de colores.<br \/>08- Combinaciones de materiales.<br \/>09- Propuesta de materiales ecol\u00f3gicos.<br \/>10- Dise\u00f1o de etiquetas, av\u00edos, plantillas de vista y cajas.<br \/>11- B\u00fasqueda de f\u00e1bricas en Argentina, Brasil o China, dependiendo del producto a producir, calidad y precio.<br \/>12- Control de calidad de la producci\u00f3n.<br \/>13- Desarrollo de colecci\u00f3n completa.<\/p>\n<p><strong>Atte.<\/strong> Fabio Granelli<\/p>\n<p>[\/et_pb_text][\/et_pb_column][\/et_pb_row][\/et_pb_section]<\/p>\n","protected":false},"excerpt":{"rendered":"<p>Los siguientes servicios pueden ser requeridos de manera independiente dependiendo la necesidad del cliente. 01- Coolhunting en Europa o EEUU.02- Acompa\u00f1amiento en el desarrollo de hormas en Argentina o Brasil.03- Dise\u00f1o de suelas para: Caucho, Eva, Tr, Pu, etc.04- Acompa\u00f1amiento en el desarrollo de maquetas y matrices de suelas y plantillas.05- Dise\u00f1o de zapatos, zapatillas [&hellip;]<\/p>\n","protected":false},"author":1,"featured_media":0,"parent":0,"menu_order":0,"comment_status":"closed","ping_status":"closed","template":"","meta":{"_et_pb_use_builder":"on","_et_pb_old_content":"","_et_gb_content_width":"","footnotes":""},"class_list":["post-318","page","type-page","status-publish","hentry"],"_links":{"self":[{"href":"https:\/\/estudiofmg.com\/index.php?rest_route=\/wp\/v2\/pages\/318","targetHints":{"allow":["GET"]}}],"collection":[{"href":"https:\/\/estudiofmg.com\/index.php?rest_route=\/wp\/v2\/pages"}],"about":[{"href":"https:\/\/estudiofmg.com\/index.php?rest_route=\/wp\/v2\/types\/page"}],"author":[{"embeddable":true,"href":"https:\/\/estudiofmg.com\/index.php?rest_route=\/wp\/v2\/users\/1"}],"replies":[{"embeddable":true,"href":"https:\/\/estudiofmg.com\/index.php?rest_route=%2Fwp%2Fv2%2Fcomments&post=318"}],"version-history":[{"count":3,"href":"https:\/\/estudiofmg.com\/index.php?rest_route=\/wp\/v2\/pages\/318\/revisions"}],"predecessor-version":[{"id":362,"href":"https:\/\/estudiofmg.com\/index.php?rest_route=\/wp\/v2\/pages\/318\/revisions\/362"}],"wp:attachment":[{"href":"https:\/\/estudiofmg.com\/index.php?rest_route=%2Fwp%2Fv2%2Fmedia&parent=318"}],"curies":[{"name":"wp","href":"https:\/\/api.w.org\/{rel}","templated":true}]}}